{"id":3,"date":"2025-03-03T10:02:20","date_gmt":"2025-03-03T09:02:20","guid":{"rendered":"http:\/\/dev.gitarre-seckau.at\/?page_id=3"},"modified":"2025-03-12T16:02:25","modified_gmt":"2025-03-12T15:02:25","slug":"datenschutzerklaerung","status":"publish","type":"page","link":"https:\/\/gitarre-seckau.at\/en\/datenschutzerklaerung\/","title":{"rendered":"privacy policy"},"content":{"rendered":"<main id=\"primary\" class=\"site-main\">\n    <div class=\"datenschutz-container\">\n        <h1 class=\"privacy-policy-h1\">privacy policy\n            <br><span>Letzte Aktualisierung am 24. Februar 2025<\/span>\n            <br><span>G\u00fcltigkeitsdatum 24. Februar 2025<\/span>\n        <\/h1>\n\n        <p class=\"privacy-policy-p\">\n            Diese Datenschutzerkl\u00e4rung beschreibt die Richtlinien von\n            Verein \u201eFreunde der Gitarrenkunst\u201c,\n            Ragnitztalweg 164\n            8047 Graz,\n            \u00d6sterreich,\n            E-Mail: info@gitarre-seckau.at,\n            zur Erhebung,\n            Nutzung und Offenlegung Ihrer Informationen, die wir\n            sammeln, wenn Sie unsere Website (https:\/\/www.gitarre-seckau.at) nutzen.\n            (der \u201eDienst\u201c). Durch den Zugriff auf oder die Nutzung des\n            Dienstes stimmen Sie der Erhebung, Nutzung und\n            Offenlegung Ihrer Informationen gem\u00e4\u00df dieser\n            Datenschutzerkl\u00e4rung zu. Wenn Sie nicht zustimmen,\n            greifen Sie bitte nicht auf den Dienst zu oder nutzen Sie ihn nicht.\n        <\/p>\n\n        <p class=\"privacy-policy-p\">\n            Wir k\u00f6nnen diese Datenschutzerkl\u00e4rung jederzeit ohne\n            vorherige Ank\u00fcndigung \u00e4ndern und werden die \u00fcberarbeitete\n            Datenschutzerkl\u00e4rung im Dienst ver\u00f6ffentlichen. Die \u00fcberarbeitete\n            Richtlinie tritt 180 Tage nach der Ver\u00f6ffentlichung der\n            \u00fcberarbeiteten Richtlinie im Dienst in Kraft, und Ihr\n            fortgesetzter Zugriff auf oder die Nutzung des Dienstes nach\n            dieser Zeit stellt Ihre Zustimmung zur \u00fcberarbeiteten\n            Datenschutzerkl\u00e4rung dar. Wir empfehlen Ihnen daher,\n            diese Seite regelm\u00e4\u00dfig zu \u00fcberpr\u00fcfen.\n        <\/p>\n\n        <ol class=\"privacy-policy-ol\">\n            <li>\n                <h2 class=\"privacy-policy-h2\">\n                    Wie wir Ihre Informationen verwenden:\n                <\/h2>\n                <p class=\"privacy-policy-p\">\n                    Wir werden die Informationen, die wir \u00fcber Sie sammeln,\n                    f\u00fcr die folgenden Zwecke verwenden:\n                <\/p>\n                <ol class=\"privacy-policy-ol\">\n                    <li>Marketing\/ Werbung<\/li>\n                <\/ol>\n                <p class=\"privacy-policy-p\">\n                    Wenn wir Ihre Informationen f\u00fcr einen anderen Zweck verwenden m\u00f6chten,\n                    werden wir Sie um Zustimmung bitten und Ihre Informationen\n                    nur nach Erhalt Ihrer Zustimmung und dann nur f\u00fcr die\n                    Zwecke verwenden, f\u00fcr die Sie die Zustimmung erteilt haben,\n                    es sei denn, wir sind gesetzlich verpflichtet, etwas anderes zu tun.\n                <\/p>\n            <\/li>\n\n            <li>\n                <h2 class=\"privacy-policy-h2\">\n                    Ihre Rechte:\n                <\/h2>\n                <p class=\"privacy-policy-p\">\n                    Je nach anwendbarem Recht haben Sie m\u00f6glicherweise das\n                    Recht, auf Ihre personenbezogenen Daten zuzugreifen und diese\n                    zu berichtigen oder zu l\u00f6schen oder eine Kopie Ihrer\n                    personenbezogenen Daten zu erhalten, die Verarbeitung Ihrer\n                    Daten einzuschr\u00e4nken oder zu widersprechen, uns zu bitten,\n                    Ihre personenbezogenen Informationen an eine andere Stelle\n                    zu \u00fcbertragen, jede Zustimmung, die Sie uns zur\n                    Verarbeitung Ihrer Daten erteilt haben, zu widerrufen,\n                    das Recht, eine Beschwerde bei einer zust\u00e4ndigen Beh\u00f6rde\n                    einzureichen, und andere Rechte, die unter den\n                    geltenden Gesetzen relevant sein k\u00f6nnen. Um diese Rechte\n                    auszu\u00fcben, k\u00f6nnen Sie uns unter\n                    info@gitarre-seckau.at kontaktieren.\n                    Wir werden auf Ihre Anfrage gem\u00e4\u00df den geltenden\n                    Gesetzen reagieren.\n                <\/p>\n\n                <p class=\"privacy-policy-p\">\n                    Bitte beachten Sie, dass Sie, wenn Sie uns nicht erlauben,\n                    die erforderlichen personenbezogenen Informationen zu\n                    erheben oder zu verarbeiten oder die Zustimmung zur\n                    Verarbeitung derselben f\u00fcr die erforderlichen Zwecke\n                    widerrufen, m\u00f6glicherweise nicht auf die Dienste zugreifen\n                    oder diese nutzen k\u00f6nnen, f\u00fcr die Ihre Informationen\n                    ben\u00f6tigt wurden.\n                <\/p>\n            <\/li>\n\n            <li>\n                <h2 class=\"privacy-policy-h2\">\n                    Cookies usw.:\n                <\/h2>\n                <p class=\"privacy-policy-p\">\n                    Um mehr dar\u00fcber zu erfahren, wie wir diese verwenden\n                    und welche Optionen Sie in Bezug auf diese\n                    Tracking-Technologien haben, lesen Sie bitte unsere\n                    <a href=\"https:\/\/gitarre-seckau.at\/en\/\">Cookie-Richtlinie.<\/a>\n                <\/p>\n            <\/li>\n\n            <li>\n                <h2 class=\"privacy-policy-h2\">\n                    Sicherheit:\n                <\/h2>\n                <p class=\"privacy-policy-p\">\n                    Die Sicherheit Ihrer Informationen ist uns wichtig,\n                    und wir werden angemessene Sicherheitsma\u00dfnahmen\n                    ergreifen, um den Verlust, Missbrauch oder die unbefugte\n                    \u00c4nderung Ihrer Informationen, die sich in unserem\n                    Einflussbereich befinden, zu verhindern. Angesichts der\n                    inh\u00e4renten Risiken k\u00f6nnen wir jedoch keine absolute\n                    Sicherheit garantieren und k\u00f6nnen daher die Sicherheit\n                    von Informationen, die Sie uns \u00fcbermitteln, nicht\n                    gew\u00e4hrleisten oder garantieren, und Sie tun dies auf\n                    eigenes Risiko.\n                <\/p>\n            <\/li>\n\n            <li>\n                <h2 class=\"privacy-policy-h2\">\n                    Links von Dritten &#038; Verwendung Ihrer Informationen:\n                <\/h2>\n                <p class=\"privacy-policy-p\">\n                    Unser Dienst kann Links zu anderen Websites enthalten,\n                    die nicht von uns betrieben werden. Diese\n                    Datenschutzerkl\u00e4rung bezieht sich nicht auf die\n                    Datenschutzrichtlinien und andere Praktiken von\n                    Dritten, einschlie\u00dflich Dritten, die eine Website oder\n                    einen Dienst betreiben, die \u00fcber einen Link im\n                    Dienst zug\u00e4nglich sein k\u00f6nnen. Wir empfehlen Ihnen\n                    dringend, die Datenschutzrichtlinien jeder von Ihnen\n                    besuchten Website zu \u00fcberpr\u00fcfen. Wir haben keine\n                    Kontrolle \u00fcber und \u00fcbernehmen keine Verantwortung f\u00fcr\n                    den Inhalt, die Datenschutzrichtlinien oder die\n                    Praktiken von Dritten.\n                <\/p>\n            <\/li>\n\n            <li>\n                <h2 class=\"privacy-policy-h2\">\n                    Beschwerde \/ Datenschutzbeauftragter:\n                <\/h2>\n                <p class=\"privacy-policy-p\">\n                    Wenn Sie Fragen oder Bedenken zur Verarbeitung Ihrer\n                    Informationen haben, die bei uns vorliegen, k\u00f6nnen Sie\n                    unseren Datenschutzbeauftragten unter\n                    Verein \u201eFreunde der Gitarrenkunst\u201c,\n                    Hart 66,\n                    E-Mail: info@gitarre-seckau.at kontaktieren.\n                    Wir werden Ihre Bedenken gem\u00e4\u00df den geltenden\n                    Gesetzen behandeln.\n                <\/p>\n            <\/li>\n        <\/ol>\n    <\/div>\n<\/main>","protected":false},"excerpt":{"rendered":"<p>Datenschutzerkl\u00e4rung Letzte Aktualisierung am 24. Februar 2025 G\u00fcltigkeitsdatum 24. Februar 2025 Diese Datenschutzerkl\u00e4rung beschreibt die Richtlinien von Verein \u201eFreunde der Gitarrenkunst\u201c, Ragnitztalweg 164 8047 Graz, \u00d6sterreich, E-Mail: info@gitarre-seckau.at, zur Erhebung, Nutzung und Offenlegung Ihrer Informationen, die wir sammeln, wenn Sie unsere Website (https:\/\/www.gitarre-seckau.at) nutzen. (der \u201eDienst\u201c). Durch den Zugriff auf oder die Nutzung des Dienstes [&hellip;]<\/p>\n","protected":false},"author":1,"featured_media":0,"parent":0,"menu_order":0,"comment_status":"closed","ping_status":"open","template":"","meta":{"footnotes":""},"class_list":["post-3","page","type-page","status-publish","hentry"],"_links":{"self":[{"href":"https:\/\/gitarre-seckau.at\/en\/wp-json\/wp\/v2\/pages\/3","targetHints":{"allow":["GET"]}}],"collection":[{"href":"https:\/\/gitarre-seckau.at\/en\/wp-json\/wp\/v2\/pages"}],"about":[{"href":"https:\/\/gitarre-seckau.at\/en\/wp-json\/wp\/v2\/types\/page"}],"author":[{"embeddable":true,"href":"https:\/\/gitarre-seckau.at\/en\/wp-json\/wp\/v2\/users\/1"}],"replies":[{"embeddable":true,"href":"https:\/\/gitarre-seckau.at\/en\/wp-json\/wp\/v2\/comments?post=3"}],"version-history":[{"count":2,"href":"https:\/\/gitarre-seckau.at\/en\/wp-json\/wp\/v2\/pages\/3\/revisions"}],"predecessor-version":[{"id":86,"href":"https:\/\/gitarre-seckau.at\/en\/wp-json\/wp\/v2\/pages\/3\/revisions\/86"}],"wp:attachment":[{"href":"https:\/\/gitarre-seckau.at\/en\/wp-json\/wp\/v2\/media?parent=3"}],"curies":[{"name":"wp","href":"https:\/\/api.w.org\/{rel}","templated":true}]}}