{"id":51,"date":"2025-03-10T10:12:19","date_gmt":"2025-03-10T09:12:19","guid":{"rendered":"http:\/\/dev.gitarre-seckau.at\/?page_id=51"},"modified":"2025-03-12T16:16:56","modified_gmt":"2025-03-12T15:16:56","slug":"impressum","status":"publish","type":"page","link":"https:\/\/gitarre-seckau.at\/en\/impressum\/","title":{"rendered":"Imprint"},"content":{"rendered":"<div class=\"impressum-container\">\n    <h1 class=\"impressum-h1\">Imprint<\/h1>\n\n    <h2 class=\"impressum-h2\">Angaben gem\u00e4\u00df \u00a7 5 TMG:<\/h2>\n    <p class=\"impressum-p\">\n        Verein \u201eFreunde der Gitarrenkunst&#8220;<br>\n        Ragnitztalweg 164<br>\n        8047 Graz<br>\n        \u00d6sterreich\n    <\/p>\n\n    <h2 class=\"impressum-h2\">Kontakt:<\/h2>\n    <p class=\"impressum-p\">\n        E-Mail: info@gitarre-seckau.at<br>\n        Website: www.gitarre-seckau.at\n    <\/p>\n\n    <h2 class=\"impressum-h2\">Vereinsdetails:<\/h2>\n    <p class=\"impressum-p\">\n        Vereinsname: Verein \u201eFreunde der Gitarrenkunst&#8220;<br>\n        Vereinssitz: Ragnitztalweg 164,  8047 Graz<br>\n        Vereinszweck: F\u00f6rderung der Gitarrenkunst und Musikkultur\n    <\/p>\n\n    <h2 class=\"impressum-h2\">Vertretungsberechtigte Personen:<\/h2>\n    <p class=\"impressum-p\">\n        Prof. Johann Palier\n    <\/p>\n\n    <h2 class=\"impressum-h2\">Haftungsausschluss:<\/h2>\n    <p class=\"impressum-p\">\n        Die Inhalte unserer Seiten wurden mit gr\u00f6\u00dfter Sorgfalt erstellt. \n        F\u00fcr die Richtigkeit, Vollst\u00e4ndigkeit und Aktualit\u00e4t der Inhalte \n        k\u00f6nnen wir jedoch keine Gew\u00e4hr \u00fcbernehmen.\n    <\/p>\n\n    <h2 class=\"impressum-h2\">Urheberrecht:<\/h2>\n    <p class=\"impressum-p\">\n        Die durch die Seitenbetreiber erstellten Inhalte und Werke auf diesen Seiten \n        unterliegen dem \u00f6sterreichischen Urheberrecht. Die Vervielf\u00e4ltigung, Bearbeitung, \n        Verbreitung und jede Art der Verwertung au\u00dferhalb der Grenzen des Urheberrechtes \n        bed\u00fcrfen der schriftlichen Zustimmung des jeweiligen Autors bzw. Erstellers.\n    <\/p>\n<\/div>","protected":false},"excerpt":{"rendered":"<p>Impressum Angaben gem\u00e4\u00df \u00a7 5 TMG: Verein \u201eFreunde der Gitarrenkunst&#8220; Ragnitztalweg 164 8047 Graz \u00d6sterreich Kontakt: E-Mail: info@gitarre-seckau.at Website: www.gitarre-seckau.at Vereinsdetails: Vereinsname: Verein \u201eFreunde der Gitarrenkunst&#8220; Vereinssitz: Ragnitztalweg 164, 8047 Graz Vereinszweck: F\u00f6rderung der Gitarrenkunst und Musikkultur Vertretungsberechtigte Personen: Prof. Johann Palier Haftungsausschluss: Die Inhalte unserer Seiten wurden mit gr\u00f6\u00dfter Sorgfalt erstellt. F\u00fcr die Richtigkeit, [&hellip;]<\/p>\n","protected":false},"author":1,"featured_media":0,"parent":0,"menu_order":0,"comment_status":"closed","ping_status":"closed","template":"","meta":{"footnotes":""},"class_list":["post-51","page","type-page","status-publish","hentry"],"_links":{"self":[{"href":"https:\/\/gitarre-seckau.at\/en\/wp-json\/wp\/v2\/pages\/51","targetHints":{"allow":["GET"]}}],"collection":[{"href":"https:\/\/gitarre-seckau.at\/en\/wp-json\/wp\/v2\/pages"}],"about":[{"href":"https:\/\/gitarre-seckau.at\/en\/wp-json\/wp\/v2\/types\/page"}],"author":[{"embeddable":true,"href":"https:\/\/gitarre-seckau.at\/en\/wp-json\/wp\/v2\/users\/1"}],"replies":[{"embeddable":true,"href":"https:\/\/gitarre-seckau.at\/en\/wp-json\/wp\/v2\/comments?post=51"}],"version-history":[{"count":4,"href":"https:\/\/gitarre-seckau.at\/en\/wp-json\/wp\/v2\/pages\/51\/revisions"}],"predecessor-version":[{"id":92,"href":"https:\/\/gitarre-seckau.at\/en\/wp-json\/wp\/v2\/pages\/51\/revisions\/92"}],"wp:attachment":[{"href":"https:\/\/gitarre-seckau.at\/en\/wp-json\/wp\/v2\/media?parent=51"}],"curies":[{"name":"wp","href":"https:\/\/api.w.org\/{rel}","templated":true}]}}